{"id":9073,"date":"2024-01-29T18:46:29","date_gmt":"2024-01-29T18:46:29","guid":{"rendered":"https:\/\/inexpand.com\/contacto\/"},"modified":"2025-06-28T09:17:19","modified_gmt":"2025-06-28T09:17:19","slug":"contacto","status":"publish","type":"page","link":"http:\/\/inexpand.com\/pt-pt\/contacto\/","title":{"rendered":"Contacto"},"content":{"rendered":"\t\t<div data-elementor-type=\"wp-page\" data-elementor-id=\"9073\" class=\"elementor elementor-9073 elementor-6882\">\n\t\t\t\t<div class=\"elementor-element elementor-element-17bb2ed e-con-full home6_contact_box e-flex fbth-custom-animation-no e-con e-parent\" data-id=\"17bb2ed\" data-element_type=\"container\" data-settings=\"{&quot;background_background&quot;:&quot;classic&quot;,&quot;fbth_animation_on&quot;:&quot;no&quot;}\">\n\t\t<div class=\"elementor-element elementor-element-45e4ee7 e-flex e-con-boxed fbth-custom-animation-no e-con e-child\" data-id=\"45e4ee7\" data-element_type=\"container\" data-settings=\"{&quot;fbth_animation_on&quot;:&quot;no&quot;}\">\n\t\t\t\t\t<div class=\"e-con-inner\">\n\t\t\t\t<div class=\"elementor-element elementor-element-a4377dd elementor-widget__width-initial animated-fast FBTH-addons-sticky-no elementor-invisible elementor-widget elementor-widget-fbth-title\" data-id=\"a4377dd\" data-element_type=\"widget\" data-settings=\"{&quot;_animation&quot;:&quot;fadeInUp&quot;,&quot;fbth_sticky&quot;:&quot;no&quot;}\" data-widget_type=\"fbth-title.default\">\n\t\t\t\t<div class=\"elementor-widget-container\">\n\t\t\t\t\t<h2 class=\"fbth-addons-title show-line-no\">D\u00favidas? Entre em contacto connosco!<\/h2>\t\t\t\t<\/div>\n\t\t\t\t<\/div>\n\t\t\t\t\t<\/div>\n\t\t\t\t<\/div>\n\t\t<div class=\"elementor-element elementor-element-088d358 e-con-full e-flex fbth-custom-animation-no e-con e-child\" data-id=\"088d358\" data-element_type=\"container\" data-settings=\"{&quot;fbth_animation_on&quot;:&quot;no&quot;}\">\n\t\t<div class=\"elementor-element elementor-element-56e3c09 e-flex e-con-boxed fbth-custom-animation-no e-con e-child\" data-id=\"56e3c09\" data-element_type=\"container\" data-settings=\"{&quot;fbth_animation_on&quot;:&quot;no&quot;}\">\n\t\t\t\t\t<div class=\"e-con-inner\">\n\t\t<div class=\"elementor-element elementor-element-8d83d5a e-con-full e-flex fbth-custom-animation-no e-con e-child\" data-id=\"8d83d5a\" data-element_type=\"container\" data-settings=\"{&quot;fbth_animation_on&quot;:&quot;no&quot;}\">\n\t\t\t\t<div class=\"elementor-element elementor-element-d5eef01 elementor-widget__width-initial animated-fast FBTH-addons-sticky-no elementor-invisible elementor-widget elementor-widget-image\" data-id=\"d5eef01\" data-element_type=\"widget\" data-settings=\"{&quot;_animation&quot;:&quot;zoomIn&quot;,&quot;fbth_sticky&quot;:&quot;no&quot;}\" data-widget_type=\"image.default\">\n\t\t\t\t<div class=\"elementor-widget-container\">\n\t\t\t\t\t\t\t\t\t\t\t\t\t\t\t<img fetchpriority=\"high\" decoding=\"async\" width=\"1188\" height=\"1788\" src=\"http:\/\/inexpand.com\/wp-content\/uploads\/2024\/04\/support-inexpand.jpg\" class=\"attachment-full size-full wp-image-9074\" alt=\"\" srcset=\"http:\/\/inexpand.com\/wp-content\/uploads\/2024\/04\/support-inexpand.jpg 1188w, http:\/\/inexpand.com\/wp-content\/uploads\/2024\/04\/support-inexpand-199x300.jpg 199w, http:\/\/inexpand.com\/wp-content\/uploads\/2024\/04\/support-inexpand-680x1024.jpg 680w, http:\/\/inexpand.com\/wp-content\/uploads\/2024\/04\/support-inexpand-768x1156.jpg 768w, http:\/\/inexpand.com\/wp-content\/uploads\/2024\/04\/support-inexpand-1021x1536.jpg 1021w\" sizes=\"(max-width: 1188px) 100vw, 1188px\" \/>\t\t\t\t\t\t\t\t\t\t\t\t\t\t\t<\/div>\n\t\t\t\t<\/div>\n\t\t\t\t<div class=\"elementor-element elementor-element-35573ed elementor-widget__width-initial animated-fast FBTH-addons-sticky-no elementor-invisible elementor-widget elementor-widget-image\" data-id=\"35573ed\" data-element_type=\"widget\" data-settings=\"{&quot;_animation&quot;:&quot;zoomIn&quot;,&quot;fbth_sticky&quot;:&quot;no&quot;}\" data-widget_type=\"image.default\">\n\t\t\t\t<div class=\"elementor-widget-container\">\n\t\t\t\t\t\t\t\t\t\t\t\t\t\t\t<img decoding=\"async\" width=\"1188\" height=\"1788\" src=\"http:\/\/inexpand.com\/wp-content\/uploads\/2024\/04\/inexpand-support.jpg\" class=\"attachment-full size-full wp-image-9075\" alt=\"\" srcset=\"http:\/\/inexpand.com\/wp-content\/uploads\/2024\/04\/inexpand-support.jpg 1188w, http:\/\/inexpand.com\/wp-content\/uploads\/2024\/04\/inexpand-support-199x300.jpg 199w, http:\/\/inexpand.com\/wp-content\/uploads\/2024\/04\/inexpand-support-680x1024.jpg 680w, http:\/\/inexpand.com\/wp-content\/uploads\/2024\/04\/inexpand-support-768x1156.jpg 768w, http:\/\/inexpand.com\/wp-content\/uploads\/2024\/04\/inexpand-support-1021x1536.jpg 1021w\" sizes=\"(max-width: 1188px) 100vw, 1188px\" \/>\t\t\t\t\t\t\t\t\t\t\t\t\t\t\t<\/div>\n\t\t\t\t<\/div>\n\t\t\t\t<div class=\"elementor-element elementor-element-76ae432 elementor-widget__width-initial elementor-absolute animated-fast FBTH-addons-sticky-no elementor-invisible elementor-widget elementor-widget-counter\" data-id=\"76ae432\" data-element_type=\"widget\" data-settings=\"{&quot;_position&quot;:&quot;absolute&quot;,&quot;_animation&quot;:&quot;zoomIn&quot;,&quot;_animation_delay&quot;:400,&quot;fbth_sticky&quot;:&quot;no&quot;}\" data-widget_type=\"counter.default\">\n\t\t\t\t<div class=\"elementor-widget-container\">\n\t\t\t\t\t\t\t<div class=\"elementor-counter\">\n\t\t\t<div class=\"elementor-counter-title\">Responde em<\/div>\t\t\t<div class=\"elementor-counter-number-wrapper\">\n\t\t\t\t<span class=\"elementor-counter-number-prefix\"><\/span>\n\t\t\t\t<span class=\"elementor-counter-number\" data-duration=\"2000\" data-to-value=\"24\" data-from-value=\"0\" data-delimiter=\",\">0<\/span>\n\t\t\t\t<span class=\"elementor-counter-number-suffix\">H<\/span>\n\t\t\t<\/div>\n\t\t<\/div>\n\t\t\t\t\t\t<\/div>\n\t\t\t\t<\/div>\n\t\t\t\t<div class=\"elementor-element elementor-element-fd955b7 elementor-widget__width-initial elementor-absolute animated-fast FBTH-addons-sticky-no elementor-invisible elementor-widget elementor-widget-counter\" data-id=\"fd955b7\" data-element_type=\"widget\" data-settings=\"{&quot;_position&quot;:&quot;absolute&quot;,&quot;_animation&quot;:&quot;zoomIn&quot;,&quot;_animation_delay&quot;:60,&quot;fbth_sticky&quot;:&quot;no&quot;}\" data-widget_type=\"counter.default\">\n\t\t\t\t<div class=\"elementor-widget-container\">\n\t\t\t\t\t\t\t<div class=\"elementor-counter\">\n\t\t\t<div class=\"elementor-counter-title\">Taxa de resposta<\/div>\t\t\t<div class=\"elementor-counter-number-wrapper\">\n\t\t\t\t<span class=\"elementor-counter-number-prefix\"><\/span>\n\t\t\t\t<span class=\"elementor-counter-number\" data-duration=\"2000\" data-to-value=\"100\" data-from-value=\"\" data-delimiter=\",\"><\/span>\n\t\t\t\t<span class=\"elementor-counter-number-suffix\">%<\/span>\n\t\t\t<\/div>\n\t\t<\/div>\n\t\t\t\t\t\t<\/div>\n\t\t\t\t<\/div>\n\t\t\t\t<\/div>\n\t\t<div class=\"elementor-element elementor-element-eac6b0c e-con-full e-flex fbth-custom-animation-no e-con e-child\" data-id=\"eac6b0c\" data-element_type=\"container\" data-settings=\"{&quot;fbth_animation_on&quot;:&quot;no&quot;}\">\n\t\t<div class=\"elementor-element elementor-element-ac30577 e-con-full animated-fast e-flex fbth-custom-animation-no elementor-invisible e-con e-child\" data-id=\"ac30577\" data-element_type=\"container\" data-settings=\"{&quot;background_background&quot;:&quot;classic&quot;,&quot;animation&quot;:&quot;fadeInUp&quot;,&quot;fbth_animation_on&quot;:&quot;no&quot;}\">\n\t\t\t\t<div class=\"elementor-element elementor-element-db0e415 home6_contact  home2_email_form FBTH-addons-sticky-no elementor-widget elementor-widget-rrdevs-contact-form\" data-id=\"db0e415\" data-element_type=\"widget\" data-settings=\"{&quot;fbth_sticky&quot;:&quot;no&quot;}\" data-widget_type=\"rrdevs-contact-form.default\">\n\t\t\t\t<div class=\"elementor-widget-container\">\n\t\t\t\t\t                    <div class=\"fbth--contactform-wraper  fbth-contact-from \">\n                \n<div class=\"wpcf7 no-js\" id=\"wpcf7-f9098-o1\" lang=\"pt-PT\" dir=\"ltr\" data-wpcf7-id=\"9098\">\n<div class=\"screen-reader-response\"><p role=\"status\" aria-live=\"polite\" aria-atomic=\"true\"><\/p> <ul><\/ul><\/div>\n<form action=\"\/pt-pt\/wp-json\/wp\/v2\/pages\/9073#wpcf7-f9098-o1\" method=\"post\" class=\"wpcf7-form init\" aria-label=\"Formul\u00e1rio de contacto\" novalidate=\"novalidate\" data-status=\"init\">\n<div style=\"display: none;\">\n<input type=\"hidden\" name=\"_wpcf7\" value=\"9098\" \/>\n<input type=\"hidden\" name=\"_wpcf7_version\" value=\"6.0.6\" \/>\n<input type=\"hidden\" name=\"_wpcf7_locale\" value=\"pt_PT\" \/>\n<input type=\"hidden\" name=\"_wpcf7_unit_tag\" value=\"wpcf7-f9098-o1\" \/>\n<input type=\"hidden\" name=\"_wpcf7_container_post\" value=\"0\" \/>\n<input type=\"hidden\" name=\"_wpcf7_posted_data_hash\" value=\"\" \/>\n<input type=\"hidden\" name=\"_wpcf7_recaptcha_response\" value=\"\" \/>\n<\/div>\n<p><label>Nome<br \/>\n<span class=\"wpcf7-form-control-wrap\" data-name=\"your-name\"><input size=\"40\" maxlength=\"400\" class=\"wpcf7-form-control wpcf7-text wpcf7-validates-as-required\" autocomplete=\"name\" aria-required=\"true\" aria-invalid=\"false\" placeholder=\"Nome\" value=\"\" type=\"text\" name=\"your-name\" \/><\/span> <\/label>\n<\/p>\n<p><label>Email<br \/>\n<span class=\"wpcf7-form-control-wrap\" data-name=\"your-email\"><input size=\"40\" maxlength=\"400\" class=\"wpcf7-form-control wpcf7-email wpcf7-validates-as-required wpcf7-text wpcf7-validates-as-email\" autocomplete=\"email\" aria-required=\"true\" aria-invalid=\"false\" placeholder=\"Email\" value=\"\" type=\"email\" name=\"your-email\" \/><\/span> <\/label>\n<\/p>\n<p><label> Telefone<br \/>\n<span class=\"wpcf7-form-control-wrap\" data-name=\"your-tel\"><input size=\"40\" maxlength=\"400\" class=\"wpcf7-form-control wpcf7-text wpcf7-validates-as-required\" aria-required=\"true\" aria-invalid=\"false\" placeholder=\"Telefone\" value=\"\" type=\"text\" name=\"your-tel\" \/><\/span> <\/label>\n<\/p>\n<p><label> Mensagem(opcional)<br \/>\n<span class=\"wpcf7-form-control-wrap\" data-name=\"your-message\"><textarea cols=\"40\" rows=\"10\" maxlength=\"2000\" class=\"wpcf7-form-control wpcf7-textarea\" aria-invalid=\"false\" placeholder=\"Mensagem\" name=\"your-message\"><\/textarea><\/span> <\/label>\n<\/p>\n<p><input class=\"wpcf7-form-control wpcf7-submit has-spinner\" type=\"submit\" value=\"Envia\" \/>\n<\/p><div class=\"wpcf7-response-output\" aria-hidden=\"true\"><\/div>\n<\/form>\n<\/div>\n            <\/div>\n        \t\t\t\t<\/div>\n\t\t\t\t<\/div>\n\t\t\t\t<\/div>\n\t\t\t\t<div class=\"elementor-element elementor-element-4e8c629 elementor-widget__width-auto elementor-absolute FBTH-addons-sticky-no elementor-widget elementor-widget-fbth-title\" data-id=\"4e8c629\" data-element_type=\"widget\" data-settings=\"{&quot;_position&quot;:&quot;absolute&quot;,&quot;fbth_sticky&quot;:&quot;no&quot;}\" data-widget_type=\"fbth-title.default\">\n\t\t\t\t<div class=\"elementor-widget-container\">\n\t\t\t\t\t<h1 class=\"fbth-addons-title show-line-no\">Contact<\/h1>\t\t\t\t<\/div>\n\t\t\t\t<\/div>\n\t\t\t\t<\/div>\n\t\t\t\t\t<\/div>\n\t\t\t\t<\/div>\n\t\t\t\t<div class=\"elementor-element elementor-element-f7e7eec elementor-absolute elementor-hidden-tablet elementor-hidden-mobile animated-fast FBTH-addons-sticky-no elementor-invisible elementor-widget elementor-widget-image\" data-id=\"f7e7eec\" data-element_type=\"widget\" data-settings=\"{&quot;_position&quot;:&quot;absolute&quot;,&quot;_animation&quot;:&quot;fadeIn&quot;,&quot;_animation_delay&quot;:500,&quot;fbth_sticky&quot;:&quot;no&quot;}\" data-widget_type=\"image.default\">\n\t\t\t\t<div class=\"elementor-widget-container\">\n\t\t\t\t\t\t\t\t\t\t\t\t\t\t\t<img decoding=\"async\" width=\"928\" height=\"1404\" src=\"http:\/\/inexpand.com\/wp-content\/uploads\/2024\/04\/contact.png\" class=\"attachment-full size-full wp-image-9076\" alt=\"\" srcset=\"http:\/\/inexpand.com\/wp-content\/uploads\/2024\/04\/contact.png 928w, http:\/\/inexpand.com\/wp-content\/uploads\/2024\/04\/contact-198x300.png 198w, http:\/\/inexpand.com\/wp-content\/uploads\/2024\/04\/contact-677x1024.png 677w, http:\/\/inexpand.com\/wp-content\/uploads\/2024\/04\/contact-768x1162.png 768w\" sizes=\"(max-width: 928px) 100vw, 928px\" \/>\t\t\t\t\t\t\t\t\t\t\t\t\t\t\t<\/div>\n\t\t\t\t<\/div>\n\t\t\t\t<\/div>\n\t\t\t\t<div class=\"elementor-element elementor-element-883a906 elementor-absolute e-transform FBTH-addons-sticky-no elementor-widget elementor-widget-image\" data-id=\"883a906\" data-element_type=\"widget\" data-settings=\"{&quot;_position&quot;:&quot;absolute&quot;,&quot;_transform_rotateZ_effect&quot;:{&quot;unit&quot;:&quot;px&quot;,&quot;size&quot;:18,&quot;sizes&quot;:[]},&quot;fbth_sticky&quot;:&quot;no&quot;,&quot;_transform_rotateZ_effect_tablet&quot;:{&quot;unit&quot;:&quot;deg&quot;,&quot;size&quot;:&quot;&quot;,&quot;sizes&quot;:[]},&quot;_transform_rotateZ_effect_mobile&quot;:{&quot;unit&quot;:&quot;deg&quot;,&quot;size&quot;:&quot;&quot;,&quot;sizes&quot;:[]}}\" data-widget_type=\"image.default\">\n\t\t\t\t<div class=\"elementor-widget-container\">\n\t\t\t\t\t\t\t\t\t\t\t\t\t\t\t<img loading=\"lazy\" decoding=\"async\" width=\"1326\" height=\"1375\" src=\"http:\/\/inexpand.com\/wp-content\/uploads\/2024\/01\/dfsdsdwe.webp\" class=\"attachment-full size-full wp-image-5411\" alt=\"\" srcset=\"http:\/\/inexpand.com\/wp-content\/uploads\/2024\/01\/dfsdsdwe.webp 1326w, http:\/\/inexpand.com\/wp-content\/uploads\/2024\/01\/dfsdsdwe-289x300.webp 289w, http:\/\/inexpand.com\/wp-content\/uploads\/2024\/01\/dfsdsdwe-988x1024.webp 988w, http:\/\/inexpand.com\/wp-content\/uploads\/2024\/01\/dfsdsdwe-768x796.webp 768w\" sizes=\"(max-width: 1326px) 100vw, 1326px\" \/>\t\t\t\t\t\t\t\t\t\t\t\t\t\t\t<\/div>\n\t\t\t\t<\/div>\n\t\t\t\t<\/div>\n\t\t\t\t<\/div>\n\t\t","protected":false},"excerpt":{"rendered":"<p>D\u00favidas? Entre em contacto connosco! Responde em 0 H Taxa de resposta % Nom Email T\u00e9l\u00e9phone Message(optional) Contact<\/p>\n","protected":false},"author":1,"featured_media":9077,"parent":0,"menu_order":0,"comment_status":"closed","ping_status":"closed","template":"elementor_header_footer","meta":{"inline_featured_image":false,"footnotes":""},"class_list":["post-9073","page","type-page","status-publish","has-post-thumbnail","hentry"],"_links":{"self":[{"href":"http:\/\/inexpand.com\/pt-pt\/wp-json\/wp\/v2\/pages\/9073","targetHints":{"allow":["GET"]}}],"collection":[{"href":"http:\/\/inexpand.com\/pt-pt\/wp-json\/wp\/v2\/pages"}],"about":[{"href":"http:\/\/inexpand.com\/pt-pt\/wp-json\/wp\/v2\/types\/page"}],"author":[{"embeddable":true,"href":"http:\/\/inexpand.com\/pt-pt\/wp-json\/wp\/v2\/users\/1"}],"replies":[{"embeddable":true,"href":"http:\/\/inexpand.com\/pt-pt\/wp-json\/wp\/v2\/comments?post=9073"}],"version-history":[{"count":4,"href":"http:\/\/inexpand.com\/pt-pt\/wp-json\/wp\/v2\/pages\/9073\/revisions"}],"predecessor-version":[{"id":9131,"href":"http:\/\/inexpand.com\/pt-pt\/wp-json\/wp\/v2\/pages\/9073\/revisions\/9131"}],"wp:featuredmedia":[{"embeddable":true,"href":"http:\/\/inexpand.com\/pt-pt\/wp-json\/wp\/v2\/media\/9077"}],"wp:attachment":[{"href":"http:\/\/inexpand.com\/pt-pt\/wp-json\/wp\/v2\/media?parent=9073"}],"curies":[{"name":"wp","href":"https:\/\/api.w.org\/{rel}","templated":true}]}}