{"id":9087,"date":"2024-01-09T16:12:41","date_gmt":"2024-01-09T16:12:41","guid":{"rendered":"https:\/\/inexpand.com\/agendar-uma-demonstracao\/"},"modified":"2025-06-28T08:44:09","modified_gmt":"2025-06-28T08:44:09","slug":"agendar-uma-demonstracao","status":"publish","type":"page","link":"http:\/\/inexpand.com\/pt-pt\/agendar-uma-demonstracao\/","title":{"rendered":"Agendar uma demonstra\u00e7\u00e3o"},"content":{"rendered":"\t\t<div data-elementor-type=\"wp-page\" data-elementor-id=\"9087\" class=\"elementor elementor-9087 elementor-1336\">\n\t\t\t\t<div class=\"elementor-element elementor-element-a5868ae e-flex e-con-boxed fbth-custom-animation-no e-con e-parent\" data-id=\"a5868ae\" data-element_type=\"container\" data-settings=\"{&quot;background_background&quot;:&quot;classic&quot;,&quot;fbth_animation_on&quot;:&quot;no&quot;}\">\n\t\t\t\t\t<div class=\"e-con-inner\">\n\t\t<div class=\"elementor-element elementor-element-0ddde95 e-con-full e-flex fbth-custom-animation-no e-con e-child\" data-id=\"0ddde95\" data-element_type=\"container\" data-settings=\"{&quot;fbth_animation_on&quot;:&quot;no&quot;}\">\n\t\t\t\t<div class=\"elementor-element elementor-element-9519fe2 elementor-widget__width-auto animated-fast FBTH-addons-sticky-no elementor-invisible elementor-widget elementor-widget-fbth-title\" data-id=\"9519fe2\" data-element_type=\"widget\" data-settings=\"{&quot;_animation&quot;:&quot;zoomIn&quot;,&quot;fbth_sticky&quot;:&quot;no&quot;}\" data-widget_type=\"fbth-title.default\">\n\t\t\t\t<div class=\"elementor-widget-container\">\n\t\t\t\t\t<h6 class=\"fbth-addons-title show-line-no\">100% gratuito e sem compromisso<\/h6>\t\t\t\t<\/div>\n\t\t\t\t<\/div>\n\t\t\t\t<div class=\"elementor-element elementor-element-4b29a3c elementor-widget__width-initial animated-fast FBTH-addons-sticky-no elementor-invisible elementor-widget elementor-widget-fbth-title\" data-id=\"4b29a3c\" data-element_type=\"widget\" data-settings=\"{&quot;_animation&quot;:&quot;fadeInUp&quot;,&quot;fbth_sticky&quot;:&quot;no&quot;}\" data-widget_type=\"fbth-title.default\">\n\t\t\t\t<div class=\"elementor-widget-container\">\n\t\t\t\t\t<h1 class=\"fbth-addons-title show-line-no\">Agende uma demonstra\u00e7\u00e3o<\/h1>\t\t\t\t<\/div>\n\t\t\t\t<\/div>\n\t\t\t\t<\/div>\n\t\t\t\t\t<\/div>\n\t\t\t\t<\/div>\n\t\t<div class=\"elementor-element elementor-element-8a8e099 e-flex e-con-boxed fbth-custom-animation-no e-con e-parent\" data-id=\"8a8e099\" data-element_type=\"container\" data-settings=\"{&quot;fbth_animation_on&quot;:&quot;no&quot;}\">\n\t\t\t\t\t<div class=\"e-con-inner\">\n\t\t<div class=\"elementor-element elementor-element-90c82d2 e-flex e-con-boxed fbth-custom-animation-no e-con e-child\" data-id=\"90c82d2\" data-element_type=\"container\" data-settings=\"{&quot;fbth_animation_on&quot;:&quot;no&quot;}\">\n\t\t\t\t\t<div class=\"e-con-inner\">\n\t\t<div class=\"elementor-element elementor-element-2451a24 e-con-full e-flex fbth-custom-animation-no e-con e-child\" data-id=\"2451a24\" data-element_type=\"container\" data-settings=\"{&quot;fbth_animation_on&quot;:&quot;no&quot;}\">\n\t\t\t\t<div class=\"elementor-element elementor-element-0d74afd elementor-widget-tablet__width-initial elementor-widget-mobile__width-initial animated-fast FBTH-addons-sticky-no elementor-invisible elementor-widget elementor-widget-fbth-title\" data-id=\"0d74afd\" data-element_type=\"widget\" data-settings=\"{&quot;_animation&quot;:&quot;fadeInUp&quot;,&quot;fbth_sticky&quot;:&quot;no&quot;}\" data-widget_type=\"fbth-title.default\">\n\t\t\t\t<div class=\"elementor-widget-container\">\n\t\t\t\t\t<h2 class=\"fbth-addons-title show-line-no\">Agende a sua demonstra\u00e7\u00e3o personalizada com a equipa da Inexpand<\/h2>\t\t\t\t<\/div>\n\t\t\t\t<\/div>\n\t\t\t\t<div class=\"elementor-element elementor-element-c893626 fbth-size-medium elementor-widget__width-inherit elementor-widget-tablet__width-initial elementor-widget-mobile__width-initial animated-fast FBTH-addons-sticky-no elementor-invisible elementor-widget elementor-widget-fbth-text-editor\" data-id=\"c893626\" data-element_type=\"widget\" data-settings=\"{&quot;_animation&quot;:&quot;fadeInUp&quot;,&quot;fbth_sticky&quot;:&quot;no&quot;}\" data-widget_type=\"fbth-text-editor.default\">\n\t\t\t\t<div class=\"elementor-widget-container\">\n\t\t\t\t\t\t\t\t\t\t<div class=\"fbth-text-editor fbth-clearfix\">\n\t\t\t\t\t\t\t\t\t\t<p class=\"fbth-size-medium\"><p>Explore as nossas funcionalidades, discuta as suas necessidades espec\u00edficas e descubra como o Inexpand pode simplificar as suas opera\u00e7\u00f5es e impulsionar o seu crescimento.<\/p><\/p>\n\t\t\t\t\t\t\t\t\t<\/div>\n\t\t\t\t\t\t<\/div>\n\t\t\t\t<\/div>\n\t\t<div class=\"elementor-element elementor-element-7a7bfb8 e-flex e-con-boxed fbth-custom-animation-no e-con e-child\" data-id=\"7a7bfb8\" data-element_type=\"container\" data-settings=\"{&quot;fbth_animation_on&quot;:&quot;no&quot;}\">\n\t\t\t\t\t<div class=\"e-con-inner\">\n\t\t\t\t<div class=\"elementor-element elementor-element-3a77181 elementor-widget-tablet__width-initial elementor-widget-mobile__width-initial elementor-vertical-align-top FBTH-addons-sticky-no elementor-invisible elementor-widget elementor-widget-icon-box\" data-id=\"3a77181\" data-element_type=\"widget\" data-settings=\"{&quot;_animation&quot;:&quot;fadeInLeft&quot;,&quot;_animation_delay&quot;:300,&quot;fbth_sticky&quot;:&quot;no&quot;}\" data-widget_type=\"icon-box.default\">\n\t\t\t\t<div class=\"elementor-widget-container\">\n\t\t\t\t\t\t\t<div class=\"elementor-icon-box-wrapper\">\n\n\t\t\t\n\t\t\t\t\t\t<div class=\"elementor-icon-box-content\">\n\n\t\t\t\t\t\t\t\t\t<h3 class=\"elementor-icon-box-title\">\n\t\t\t\t\t\t<span  >\n\t\t\t\t\t\t\tSem compromisso\t\t\t\t\t\t<\/span>\n\t\t\t\t\t<\/h3>\n\t\t\t\t\n\t\t\t\t\t\t\t\t\t<p class=\"elementor-icon-box-description\">\n\t\t\t\t\t\tMarca hoje a tua demonstra\u00e7\u00e3o sem compromisso.\t\t\t\t\t<\/p>\n\t\t\t\t\n\t\t\t<\/div>\n\t\t\t\n\t\t<\/div>\n\t\t\t\t\t\t<\/div>\n\t\t\t\t<\/div>\n\t\t\t\t<div class=\"elementor-element elementor-element-a9cf15a elementor-widget-tablet__width-initial elementor-widget-mobile__width-initial animated-fast FBTH-addons-sticky-no elementor-invisible elementor-widget elementor-widget-icon-box\" data-id=\"a9cf15a\" data-element_type=\"widget\" data-settings=\"{&quot;_animation&quot;:&quot;fadeInLeft&quot;,&quot;fbth_sticky&quot;:&quot;no&quot;}\" data-widget_type=\"icon-box.default\">\n\t\t\t\t<div class=\"elementor-widget-container\">\n\t\t\t\t\t\t\t<div class=\"elementor-icon-box-wrapper\">\n\n\t\t\t\n\t\t\t\t\t\t<div class=\"elementor-icon-box-content\">\n\n\t\t\t\t\t\t\t\t\t<h3 class=\"elementor-icon-box-title\">\n\t\t\t\t\t\t<span  >\n\t\t\t\t\t\t\t100% gratuito\t\t\t\t\t\t<\/span>\n\t\t\t\t\t<\/h3>\n\t\t\t\t\n\t\t\t\t\t\t\t\t\t<p class=\"elementor-icon-box-description\">\n\t\t\t\t\t\tDescobre o Inexpand com uma demonstra\u00e7\u00e3o 100% gratuita.\t\t\t\t\t<\/p>\n\t\t\t\t\n\t\t\t<\/div>\n\t\t\t\n\t\t<\/div>\n\t\t\t\t\t\t<\/div>\n\t\t\t\t<\/div>\n\t\t\t\t\t<\/div>\n\t\t\t\t<\/div>\n\t\t\t\t<\/div>\n\t\t<div class=\"elementor-element elementor-element-5576089 e-con-full e-flex fbth-custom-animation-no e-con e-child\" data-id=\"5576089\" data-element_type=\"container\" data-settings=\"{&quot;fbth_animation_on&quot;:&quot;no&quot;}\">\n\t\t<div class=\"elementor-element elementor-element-5c8dd35 e-con-full e-flex fbth-custom-animation-no e-con e-child\" data-id=\"5c8dd35\" data-element_type=\"container\" data-settings=\"{&quot;fbth_animation_on&quot;:&quot;no&quot;}\">\n\t\t<div class=\"elementor-element elementor-element-ed6222c e-con-full animated-fast e-flex fbth-custom-animation-no elementor-invisible e-con e-child\" data-id=\"ed6222c\" data-element_type=\"container\" data-settings=\"{&quot;background_background&quot;:&quot;classic&quot;,&quot;animation&quot;:&quot;fadeInUp&quot;,&quot;fbth_animation_on&quot;:&quot;no&quot;}\">\n\t\t\t\t<div class=\"elementor-element elementor-element-ad1ffeb home6_contact  home2_email_form FBTH-addons-sticky-no elementor-widget elementor-widget-rrdevs-contact-form\" data-id=\"ad1ffeb\" data-element_type=\"widget\" data-settings=\"{&quot;fbth_sticky&quot;:&quot;no&quot;}\" data-widget_type=\"rrdevs-contact-form.default\">\n\t\t\t\t<div class=\"elementor-widget-container\">\n\t\t\t\t\t                    <div class=\"fbth--contactform-wraper  fbth-contact-from \">\n                \n<div class=\"wpcf7 no-js\" id=\"wpcf7-f9098-o1\" lang=\"pt-PT\" dir=\"ltr\" data-wpcf7-id=\"9098\">\n<div class=\"screen-reader-response\"><p role=\"status\" aria-live=\"polite\" aria-atomic=\"true\"><\/p> <ul><\/ul><\/div>\n<form action=\"\/pt-pt\/wp-json\/wp\/v2\/pages\/9087#wpcf7-f9098-o1\" method=\"post\" class=\"wpcf7-form init\" aria-label=\"Formul\u00e1rio de contacto\" novalidate=\"novalidate\" data-status=\"init\">\n<div style=\"display: none;\">\n<input type=\"hidden\" name=\"_wpcf7\" value=\"9098\" \/>\n<input type=\"hidden\" name=\"_wpcf7_version\" value=\"6.0.6\" \/>\n<input type=\"hidden\" name=\"_wpcf7_locale\" value=\"pt_PT\" \/>\n<input type=\"hidden\" name=\"_wpcf7_unit_tag\" value=\"wpcf7-f9098-o1\" \/>\n<input type=\"hidden\" name=\"_wpcf7_container_post\" value=\"0\" \/>\n<input type=\"hidden\" name=\"_wpcf7_posted_data_hash\" value=\"\" \/>\n<input type=\"hidden\" name=\"_wpcf7_recaptcha_response\" value=\"\" \/>\n<\/div>\n<p><label>Nome<br \/>\n<span class=\"wpcf7-form-control-wrap\" data-name=\"your-name\"><input size=\"40\" maxlength=\"400\" class=\"wpcf7-form-control wpcf7-text wpcf7-validates-as-required\" autocomplete=\"name\" aria-required=\"true\" aria-invalid=\"false\" placeholder=\"Nome\" value=\"\" type=\"text\" name=\"your-name\" \/><\/span> <\/label>\n<\/p>\n<p><label>Email<br \/>\n<span class=\"wpcf7-form-control-wrap\" data-name=\"your-email\"><input size=\"40\" maxlength=\"400\" class=\"wpcf7-form-control wpcf7-email wpcf7-validates-as-required wpcf7-text wpcf7-validates-as-email\" autocomplete=\"email\" aria-required=\"true\" aria-invalid=\"false\" placeholder=\"Email\" value=\"\" type=\"email\" name=\"your-email\" \/><\/span> <\/label>\n<\/p>\n<p><label> Telefone<br \/>\n<span class=\"wpcf7-form-control-wrap\" data-name=\"your-tel\"><input size=\"40\" maxlength=\"400\" class=\"wpcf7-form-control wpcf7-text wpcf7-validates-as-required\" aria-required=\"true\" aria-invalid=\"false\" placeholder=\"Telefone\" value=\"\" type=\"text\" name=\"your-tel\" \/><\/span> <\/label>\n<\/p>\n<p><label> Mensagem(opcional)<br \/>\n<span class=\"wpcf7-form-control-wrap\" data-name=\"your-message\"><textarea cols=\"40\" rows=\"10\" maxlength=\"2000\" class=\"wpcf7-form-control wpcf7-textarea\" aria-invalid=\"false\" placeholder=\"Mensagem\" name=\"your-message\"><\/textarea><\/span> <\/label>\n<\/p>\n<p><input class=\"wpcf7-form-control wpcf7-submit has-spinner\" type=\"submit\" value=\"Envia\" \/>\n<\/p><div class=\"wpcf7-response-output\" aria-hidden=\"true\"><\/div>\n<\/form>\n<\/div>\n            <\/div>\n        \t\t\t\t<\/div>\n\t\t\t\t<\/div>\n\t\t\t\t<\/div>\n\t\t\t\t<\/div>\n\t\t\t\t<\/div>\n\t\t\t\t\t<\/div>\n\t\t\t\t<\/div>\n\t\t\t\t\t<\/div>\n\t\t\t\t<\/div>\n\t\t\t\t<\/div>\n\t\t","protected":false},"excerpt":{"rendered":"<p>100% gratuito e sem compromisso Agende uma demonstra\u00e7\u00e3o Agende a sua demonstra\u00e7\u00e3o personalizada com a equipa da Inexpand Explore as nossas funcionalidades, discuta as suas<\/p>\n","protected":false},"author":1,"featured_media":9088,"parent":0,"menu_order":0,"comment_status":"closed","ping_status":"closed","template":"elementor_header_footer","meta":{"inline_featured_image":false,"footnotes":""},"class_list":["post-9087","page","type-page","status-publish","has-post-thumbnail","hentry"],"_links":{"self":[{"href":"http:\/\/inexpand.com\/pt-pt\/wp-json\/wp\/v2\/pages\/9087","targetHints":{"allow":["GET"]}}],"collection":[{"href":"http:\/\/inexpand.com\/pt-pt\/wp-json\/wp\/v2\/pages"}],"about":[{"href":"http:\/\/inexpand.com\/pt-pt\/wp-json\/wp\/v2\/types\/page"}],"author":[{"embeddable":true,"href":"http:\/\/inexpand.com\/pt-pt\/wp-json\/wp\/v2\/users\/1"}],"replies":[{"embeddable":true,"href":"http:\/\/inexpand.com\/pt-pt\/wp-json\/wp\/v2\/comments?post=9087"}],"version-history":[{"count":4,"href":"http:\/\/inexpand.com\/pt-pt\/wp-json\/wp\/v2\/pages\/9087\/revisions"}],"predecessor-version":[{"id":9116,"href":"http:\/\/inexpand.com\/pt-pt\/wp-json\/wp\/v2\/pages\/9087\/revisions\/9116"}],"wp:featuredmedia":[{"embeddable":true,"href":"http:\/\/inexpand.com\/pt-pt\/wp-json\/wp\/v2\/media\/9088"}],"wp:attachment":[{"href":"http:\/\/inexpand.com\/pt-pt\/wp-json\/wp\/v2\/media?parent=9087"}],"curies":[{"name":"wp","href":"https:\/\/api.w.org\/{rel}","templated":true}]}}