{"id":9099,"date":"2024-01-02T15:51:35","date_gmt":"2024-01-02T15:51:35","guid":{"rendered":"https:\/\/inexpand.com\/integradores-parceiros\/"},"modified":"2025-06-28T09:23:04","modified_gmt":"2025-06-28T09:23:04","slug":"integradores-parceiros","status":"publish","type":"page","link":"http:\/\/inexpand.com\/pt-pt\/integradores-parceiros\/","title":{"rendered":"Integradores \/ Parceiros"},"content":{"rendered":"\t\t<div data-elementor-type=\"wp-page\" data-elementor-id=\"9099\" class=\"elementor elementor-9099 elementor-448\">\n\t\t\t\t<div class=\"elementor-element elementor-element-b2f1e2d e-flex e-con-boxed fbth-custom-animation-no e-con e-parent\" data-id=\"b2f1e2d\" data-element_type=\"container\" data-settings=\"{&quot;fbth_animation_on&quot;:&quot;no&quot;}\">\n\t\t\t\t\t<div class=\"e-con-inner\">\n\t\t<div class=\"elementor-element elementor-element-defe0e9 e-con-full e-flex fbth-custom-animation-no e-con e-child\" data-id=\"defe0e9\" data-element_type=\"container\" data-settings=\"{&quot;fbth_animation_on&quot;:&quot;no&quot;}\">\n\t\t<div class=\"elementor-element elementor-element-e0c3964 e-con-full e-flex fbth-custom-animation-no e-con e-child\" data-id=\"e0c3964\" data-element_type=\"container\" data-settings=\"{&quot;fbth_animation_on&quot;:&quot;no&quot;}\">\n\t\t\t\t<div class=\"elementor-element elementor-element-f2cd105 animated-fast FBTH-addons-sticky-no elementor-invisible elementor-widget elementor-widget-fbth-title\" data-id=\"f2cd105\" data-element_type=\"widget\" data-settings=\"{&quot;_animation&quot;:&quot;fadeInUp&quot;,&quot;fbth_sticky&quot;:&quot;no&quot;}\" data-widget_type=\"fbth-title.default\">\n\t\t\t\t<div class=\"elementor-widget-container\">\n\t\t\t\t\t<h1 class=\"fbth-addons-title show-line-no\">Torne-se um parceiro Inexpand e gere comiss\u00f5es recorrentes de 30%<\/h1>\t\t\t\t<\/div>\n\t\t\t\t<\/div>\n\t\t\t\t<div class=\"elementor-element elementor-element-8452bc6 fbth-size-large elementor-widget__width-initial animated-fast FBTH-addons-sticky-no elementor-invisible elementor-widget elementor-widget-fbth-text-editor\" data-id=\"8452bc6\" data-element_type=\"widget\" data-settings=\"{&quot;_animation&quot;:&quot;fadeInUp&quot;,&quot;fbth_sticky&quot;:&quot;no&quot;}\" data-widget_type=\"fbth-text-editor.default\">\n\t\t\t\t<div class=\"elementor-widget-container\">\n\t\t\t\t\t\t\t\t\t\t<div class=\"fbth-text-editor fbth-clearfix\">\n\t\t\t\t\t\t\t\t\t\t<p class=\"fbth-size-large\"><p>Como integrador ou parceiro, beneficia do acesso exclusivo ao nosso programa de parceiros, permitindo-lhe expandir o seu portef\u00f3lio de produtos e servi\u00e7os, ao mesmo tempo que oferece aos seus clientes uma solu\u00e7\u00e3o de CRM l\u00edder.<\/p><\/p>\n\t\t\t\t\t\t\t\t\t<\/div>\n\t\t\t\t\t\t<\/div>\n\t\t\t\t<\/div>\n\t\t\t\t<\/div>\n\t\t<div class=\"elementor-element elementor-element-32c98f9 e-con-full e-flex fbth-custom-animation-no e-con e-child\" data-id=\"32c98f9\" data-element_type=\"container\" data-settings=\"{&quot;fbth_animation_on&quot;:&quot;no&quot;}\">\n\t\t\t\t<div class=\"elementor-element elementor-element-ef33f02 animated-fast FBTH-addons-sticky-no elementor-invisible elementor-widget elementor-widget-image\" data-id=\"ef33f02\" data-element_type=\"widget\" data-settings=\"{&quot;_animation&quot;:&quot;fadeInUp&quot;,&quot;fbth_sticky&quot;:&quot;no&quot;}\" data-widget_type=\"image.default\">\n\t\t\t\t<div class=\"elementor-widget-container\">\n\t\t\t\t\t\t\t\t\t\t\t\t\t\t\t<img fetchpriority=\"high\" decoding=\"async\" width=\"2560\" height=\"1261\" src=\"http:\/\/inexpand.com\/wp-content\/uploads\/2024\/04\/inexpand-partner.jpg\" class=\"attachment-full size-full wp-image-9100\" alt=\"\" srcset=\"http:\/\/inexpand.com\/wp-content\/uploads\/2024\/04\/inexpand-partner.jpg 2560w, http:\/\/inexpand.com\/wp-content\/uploads\/2024\/04\/inexpand-partner-300x148.jpg 300w, http:\/\/inexpand.com\/wp-content\/uploads\/2024\/04\/inexpand-partner-1024x504.jpg 1024w, http:\/\/inexpand.com\/wp-content\/uploads\/2024\/04\/inexpand-partner-768x378.jpg 768w, http:\/\/inexpand.com\/wp-content\/uploads\/2024\/04\/inexpand-partner-1536x757.jpg 1536w, http:\/\/inexpand.com\/wp-content\/uploads\/2024\/04\/inexpand-partner-2048x1009.jpg 2048w\" sizes=\"(max-width: 2560px) 100vw, 2560px\" \/>\t\t\t\t\t\t\t\t\t\t\t\t\t\t\t<\/div>\n\t\t\t\t<\/div>\n\t\t\t\t<\/div>\n\t\t\t\t<\/div>\n\t\t\t\t\t<\/div>\n\t\t\t\t<\/div>\n\t\t<div class=\"elementor-element elementor-element-c84c131 elementor-hidden-desktop elementor-hidden-tablet elementor-hidden-mobile e-flex e-con-boxed fbth-custom-animation-no e-con e-parent\" data-id=\"c84c131\" data-element_type=\"container\" data-settings=\"{&quot;background_background&quot;:&quot;classic&quot;,&quot;fbth_animation_on&quot;:&quot;no&quot;}\">\n\t\t\t\t\t<div class=\"e-con-inner\">\n\t\t\t\t<div class=\"elementor-element elementor-element-568a843 fbth-size-xl animated-fast FBTH-addons-sticky-no elementor-invisible elementor-widget elementor-widget-fbth-text-editor\" data-id=\"568a843\" data-element_type=\"widget\" data-settings=\"{&quot;_animation&quot;:&quot;fadeInUp&quot;,&quot;fbth_sticky&quot;:&quot;no&quot;}\" data-widget_type=\"fbth-text-editor.default\">\n\t\t\t\t<div class=\"elementor-widget-container\">\n\t\t\t\t\t\t\t\t\t\t<div class=\"fbth-text-editor fbth-clearfix\">\n\t\t\t\t\t\t\t\t\t\t<p class=\"fbth-size-xl\"><p>Trusted by industry leaders<\/p><\/p>\n\t\t\t\t\t\t\t\t\t<\/div>\n\t\t\t\t\t\t<\/div>\n\t\t\t\t<\/div>\n\t\t<div class=\"elementor-element elementor-element-8610629 e-flex e-con-boxed fbth-custom-animation-no e-con e-child\" data-id=\"8610629\" data-element_type=\"container\" data-settings=\"{&quot;fbth_animation_on&quot;:&quot;no&quot;}\">\n\t\t\t\t\t<div class=\"e-con-inner\">\n\t\t\t\t<div class=\"elementor-element elementor-element-63bf88f home1_clients_ticker_slider FBTH-addons-sticky-no elementor-widget elementor-widget-ticker-tm-slider\" data-id=\"63bf88f\" data-element_type=\"widget\" data-settings=\"{&quot;per_coulmn&quot;:&quot;6&quot;,&quot;per_coulmn_tablet&quot;:&quot;4&quot;,&quot;per_coulmn_mobile&quot;:&quot;3&quot;,&quot;show_rtl&quot;:&quot;no&quot;,&quot;pause_on_hover&quot;:&quot;yes&quot;,&quot;fbth_sticky&quot;:&quot;no&quot;}\" data-widget_type=\"ticker-tm-slider.default\">\n\t\t\t\t<div class=\"elementor-widget-container\">\n\t\t\t\t\t            <div class=\"ticker-tm-slider\" data-settings=\"{&quot;vertical&quot;:false,&quot;showrtl&quot;:false,&quot;pauseonhover&quot;:true,&quot;autoplaytimeout&quot;:4000,&quot;per_coulmn&quot;:&quot;6&quot;,&quot;per_coulmn_tablet&quot;:&quot;4&quot;,&quot;per_coulmn_mobile&quot;:&quot;3&quot;}\">\n                                    <div class=\"ticker-tm-slider-item\">\n                        <div class=\"tm-slider-user\">\n                                                            <div class=\"tm-slider-img\">\n                                    <img decoding=\"async\" src=\"https:\/\/redindex.net\/demos\/wp\/optix\/wp-content\/uploads\/2024\/01\/logo-11.png\" alt=\"\">                                <\/div>\n                                                                                <\/div>\n\n                                            <\/div>\n                                    <div class=\"ticker-tm-slider-item\">\n                        <div class=\"tm-slider-user\">\n                                                            <div class=\"tm-slider-img\">\n                                    <img decoding=\"async\" src=\"https:\/\/redindex.net\/demos\/wp\/optix\/wp-content\/uploads\/2024\/01\/logo-8.png\" alt=\"\">                                <\/div>\n                                                                                <\/div>\n\n                                            <\/div>\n                                    <div class=\"ticker-tm-slider-item\">\n                        <div class=\"tm-slider-user\">\n                                                            <div class=\"tm-slider-img\">\n                                    <img decoding=\"async\" src=\"https:\/\/redindex.net\/demos\/wp\/optix\/wp-content\/uploads\/2024\/01\/logo-8.png\" alt=\"\">                                <\/div>\n                                                                                <\/div>\n\n                                            <\/div>\n                                    <div class=\"ticker-tm-slider-item\">\n                        <div class=\"tm-slider-user\">\n                                                            <div class=\"tm-slider-img\">\n                                    <img decoding=\"async\" src=\"https:\/\/redindex.net\/demos\/wp\/optix\/wp-content\/uploads\/2024\/01\/logo-2.png\" alt=\"\">                                <\/div>\n                                                                                <\/div>\n\n                                            <\/div>\n                                    <div class=\"ticker-tm-slider-item\">\n                        <div class=\"tm-slider-user\">\n                                                            <div class=\"tm-slider-img\">\n                                    <img decoding=\"async\" src=\"https:\/\/redindex.net\/demos\/wp\/optix\/wp-content\/uploads\/2024\/01\/logo-4.png\" alt=\"\">                                <\/div>\n                                                                                <\/div>\n\n                                            <\/div>\n                                    <div class=\"ticker-tm-slider-item\">\n                        <div class=\"tm-slider-user\">\n                                                            <div class=\"tm-slider-img\">\n                                    <img decoding=\"async\" src=\"https:\/\/redindex.net\/demos\/wp\/optix\/wp-content\/uploads\/2024\/01\/logo-8-1.png\" alt=\"\">                                <\/div>\n                                                                                <\/div>\n\n                                            <\/div>\n                                    <div class=\"ticker-tm-slider-item\">\n                        <div class=\"tm-slider-user\">\n                                                            <div class=\"tm-slider-img\">\n                                    <img decoding=\"async\" src=\"https:\/\/redindex.net\/demos\/wp\/optix\/wp-content\/uploads\/2024\/01\/logo-8-1.png\" alt=\"\">                                <\/div>\n                                                                                <\/div>\n\n                                            <\/div>\n                            <\/div>\n        \t\t\t\t<\/div>\n\t\t\t\t<\/div>\n\t\t<div class=\"elementor-element elementor-element-d670a46 e-con-full elementor-hidden-mobile e-flex fbth-custom-animation-no e-con e-child\" data-id=\"d670a46\" data-element_type=\"container\" data-settings=\"{&quot;background_background&quot;:&quot;gradient&quot;,&quot;position&quot;:&quot;absolute&quot;,&quot;fbth_animation_on&quot;:&quot;no&quot;}\">\n\t\t\t\t<\/div>\n\t\t<div class=\"elementor-element elementor-element-14f6d74 e-con-full elementor-hidden-mobile e-flex fbth-custom-animation-no e-con e-child\" data-id=\"14f6d74\" data-element_type=\"container\" data-settings=\"{&quot;background_background&quot;:&quot;gradient&quot;,&quot;position&quot;:&quot;absolute&quot;,&quot;fbth_animation_on&quot;:&quot;no&quot;}\">\n\t\t\t\t<\/div>\n\t\t\t\t\t<\/div>\n\t\t\t\t<\/div>\n\t\t\t\t\t<\/div>\n\t\t\t\t<\/div>\n\t\t<div class=\"elementor-element elementor-element-6017a63 e-flex e-con-boxed fbth-custom-animation-no e-con e-parent\" data-id=\"6017a63\" data-element_type=\"container\" data-settings=\"{&quot;fbth_animation_on&quot;:&quot;no&quot;}\">\n\t\t\t\t\t<div class=\"e-con-inner\">\n\t\t<div class=\"elementor-element elementor-element-ed29f44 e-con-full e-flex fbth-custom-animation-no e-con e-child\" data-id=\"ed29f44\" data-element_type=\"container\" data-settings=\"{&quot;fbth_animation_on&quot;:&quot;no&quot;}\">\n\t\t<div class=\"elementor-element elementor-element-ecfe8b5 e-con-full e-flex fbth-custom-animation-no e-con e-child\" data-id=\"ecfe8b5\" data-element_type=\"container\" data-settings=\"{&quot;fbth_animation_on&quot;:&quot;no&quot;}\">\n\t\t\t\t<div class=\"elementor-element elementor-element-27e2332 animated-fast FBTH-addons-sticky-no elementor-invisible elementor-widget elementor-widget-image\" data-id=\"27e2332\" data-element_type=\"widget\" data-settings=\"{&quot;_animation&quot;:&quot;fadeInUp&quot;,&quot;fbth_sticky&quot;:&quot;no&quot;}\" data-widget_type=\"image.default\">\n\t\t\t\t<div class=\"elementor-widget-container\">\n\t\t\t\t\t\t\t\t\t\t\t\t\t\t\t<img decoding=\"async\" width=\"640\" height=\"536\" src=\"http:\/\/inexpand.com\/wp-content\/uploads\/2024\/04\/partenaire-inexpand-1024x858.jpg\" class=\"attachment-large size-large wp-image-9102\" alt=\"\" srcset=\"http:\/\/inexpand.com\/wp-content\/uploads\/2024\/04\/partenaire-inexpand-1024x858.jpg 1024w, http:\/\/inexpand.com\/wp-content\/uploads\/2024\/04\/partenaire-inexpand-300x251.jpg 300w, http:\/\/inexpand.com\/wp-content\/uploads\/2024\/04\/partenaire-inexpand-768x643.jpg 768w, http:\/\/inexpand.com\/wp-content\/uploads\/2024\/04\/partenaire-inexpand.jpg 1194w\" sizes=\"(max-width: 640px) 100vw, 640px\" \/>\t\t\t\t\t\t\t\t\t\t\t\t\t\t\t<\/div>\n\t\t\t\t<\/div>\n\t\t\t\t<\/div>\n\t\t<div class=\"elementor-element elementor-element-4d192d5 e-con-full e-flex fbth-custom-animation-no e-con e-child\" data-id=\"4d192d5\" data-element_type=\"container\" data-settings=\"{&quot;fbth_animation_on&quot;:&quot;no&quot;}\">\n\t\t\t\t<div class=\"elementor-element elementor-element-d81b606 fbth-size-large elementor-widget__width-auto animated-fast FBTH-addons-sticky-no elementor-invisible elementor-widget elementor-widget-fbth-text-editor\" data-id=\"d81b606\" data-element_type=\"widget\" data-settings=\"{&quot;_animation&quot;:&quot;zoomIn&quot;,&quot;fbth_sticky&quot;:&quot;no&quot;}\" data-widget_type=\"fbth-text-editor.default\">\n\t\t\t\t<div class=\"elementor-widget-container\">\n\t\t\t\t\t\t\t\t\t\t<div class=\"fbth-text-editor fbth-clearfix\">\n\t\t\t\t\t\t\t\t\t\t<p class=\"fbth-size-large\"><p>PARCEIRO<\/p><\/p>\n\t\t\t\t\t\t\t\t\t<\/div>\n\t\t\t\t\t\t<\/div>\n\t\t\t\t<\/div>\n\t\t\t\t<div class=\"elementor-element elementor-element-e8a791a elementor-widget-mobile__width-initial animated-fast FBTH-addons-sticky-no elementor-invisible elementor-widget elementor-widget-fbth-title\" data-id=\"e8a791a\" data-element_type=\"widget\" data-settings=\"{&quot;_animation&quot;:&quot;fadeInUp&quot;,&quot;fbth_sticky&quot;:&quot;no&quot;}\" data-widget_type=\"fbth-title.default\">\n\t\t\t\t<div class=\"elementor-widget-container\">\n\t\t\t\t\t<h2 class=\"fbth-addons-title show-line-no\">Ofere\u00e7a a nossa solu\u00e7\u00e3o aos seus clientes<\/h2>\t\t\t\t<\/div>\n\t\t\t\t<\/div>\n\t\t\t\t<div class=\"elementor-element elementor-element-8cf0264 elementor-widget-mobile__width-initial animated-fast fbth-size-default FBTH-addons-sticky-no elementor-invisible elementor-widget elementor-widget-text-editor\" data-id=\"8cf0264\" data-element_type=\"widget\" data-settings=\"{&quot;_animation&quot;:&quot;fadeInUp&quot;,&quot;_animation_delay&quot;:200,&quot;fbth_sticky&quot;:&quot;no&quot;}\" data-widget_type=\"text-editor.default\">\n\t\t\t\t<div class=\"elementor-widget-container\">\n\t\t\t\t\t\t\t\t\t<p>Recomendamos a nossa solu\u00e7\u00e3o aos nossos clientes e garantimos uma comiss\u00e3o de 30%. \u00c9 por isso que beneficiamos de uma fonte de rendimento adicional, oferecendo aos nossos clientes uma solu\u00e7\u00e3o de CRM de alta qualidade.<\/p>\t\t\t\t\t\t\t\t<\/div>\n\t\t\t\t<\/div>\n\t\t\t\t<div class=\"elementor-element elementor-element-f54bdf8 home4_button elementor-tablet-align-center animated-fast FBTH-addons-sticky-no elementor-invisible elementor-widget elementor-widget-button\" data-id=\"f54bdf8\" data-element_type=\"widget\" data-settings=\"{&quot;_animation&quot;:&quot;fadeInUp&quot;,&quot;fbth_sticky&quot;:&quot;no&quot;}\" data-widget_type=\"button.default\">\n\t\t\t\t<div class=\"elementor-widget-container\">\n\t\t\t\t\t\t\t\t\t<div class=\"elementor-button-wrapper\">\n\t\t\t\t\t<a class=\"elementor-button elementor-button-link elementor-size-sm\" href=\"https:\/\/inexpand.com\/pt-pt\/contacto\/\">\n\t\t\t\t\t\t<span class=\"elementor-button-content-wrapper\">\n\t\t\t\t\t\t<span class=\"elementor-button-icon\">\n\t\t\t\t<i aria-hidden=\"true\" class=\"fd fd-tail-right\"><\/i>\t\t\t<\/span>\n\t\t\t\t\t\t\t\t\t<span class=\"elementor-button-text\">Contacta-nos<\/span>\n\t\t\t\t\t<\/span>\n\t\t\t\t\t<\/a>\n\t\t\t\t<\/div>\n\t\t\t\t\t\t\t\t<\/div>\n\t\t\t\t<\/div>\n\t\t\t\t<\/div>\n\t\t\t\t<\/div>\n\t\t\t\t\t<\/div>\n\t\t\t\t<\/div>\n\t\t<div class=\"elementor-element elementor-element-16201a4 e-flex e-con-boxed fbth-custom-animation-no e-con e-parent\" data-id=\"16201a4\" data-element_type=\"container\" data-settings=\"{&quot;fbth_animation_on&quot;:&quot;no&quot;}\">\n\t\t\t\t\t<div class=\"e-con-inner\">\n\t\t<div class=\"elementor-element elementor-element-34aaa96 e-con-full e-flex fbth-custom-animation-no e-con e-child\" data-id=\"34aaa96\" data-element_type=\"container\" data-settings=\"{&quot;fbth_animation_on&quot;:&quot;no&quot;}\">\n\t\t<div class=\"elementor-element elementor-element-d2fc04c e-con-full e-flex fbth-custom-animation-no e-con e-child\" data-id=\"d2fc04c\" data-element_type=\"container\" data-settings=\"{&quot;fbth_animation_on&quot;:&quot;no&quot;}\">\n\t\t\t\t<div class=\"elementor-element elementor-element-9ef0890 fbth-size-large elementor-widget__width-auto animated-fast FBTH-addons-sticky-no elementor-invisible elementor-widget elementor-widget-fbth-text-editor\" data-id=\"9ef0890\" data-element_type=\"widget\" data-settings=\"{&quot;_animation&quot;:&quot;zoomIn&quot;,&quot;fbth_sticky&quot;:&quot;no&quot;}\" data-widget_type=\"fbth-text-editor.default\">\n\t\t\t\t<div class=\"elementor-widget-container\">\n\t\t\t\t\t\t\t\t\t\t<div class=\"fbth-text-editor fbth-clearfix\">\n\t\t\t\t\t\t\t\t\t\t<p class=\"fbth-size-large\"><p>INTEGRADOR<\/p><\/p>\n\t\t\t\t\t\t\t\t\t<\/div>\n\t\t\t\t\t\t<\/div>\n\t\t\t\t<\/div>\n\t\t\t\t<div class=\"elementor-element elementor-element-521c3f0 elementor-widget__width-initial animated-fast FBTH-addons-sticky-no elementor-invisible elementor-widget elementor-widget-fbth-title\" data-id=\"521c3f0\" data-element_type=\"widget\" data-settings=\"{&quot;_animation&quot;:&quot;fadeInUp&quot;,&quot;fbth_sticky&quot;:&quot;no&quot;}\" data-widget_type=\"fbth-title.default\">\n\t\t\t\t<div class=\"elementor-widget-container\">\n\t\t\t\t\t<h2 class=\"fbth-addons-title show-line-no\">Torne-se um integrador da nossa solu\u00e7\u00e3o<\/h2>\t\t\t\t<\/div>\n\t\t\t\t<\/div>\n\t\t\t\t<div class=\"elementor-element elementor-element-175c693 elementor-widget__width-initial animated-fast fbth-size-default FBTH-addons-sticky-no elementor-invisible elementor-widget elementor-widget-fbth-text-editor\" data-id=\"175c693\" data-element_type=\"widget\" data-settings=\"{&quot;_animation&quot;:&quot;fadeInUp&quot;,&quot;fbth_sticky&quot;:&quot;no&quot;}\" data-widget_type=\"fbth-text-editor.default\">\n\t\t\t\t<div class=\"elementor-widget-container\">\n\t\t\t\t\t\t\t\t\t\t<div class=\"fbth-text-editor fbth-clearfix\">\n\t\t\t\t\t\t\t\t\t\t<p class=\"fbth-size-default\"><p>Como integrador, n\u00e3o s\u00f3 pode ganhar uma comiss\u00e3o de 30% ao oferecer o nosso CRM, como tamb\u00e9m tem a op\u00e7\u00e3o de cobrar aos seus clientes pelos servi\u00e7os de integra\u00e7\u00e3o. Junte-se hoje mesmo ao nosso programa de parceiros para expandir o seu neg\u00f3cio e oferecer aos seus clientes uma solu\u00e7\u00e3o de CRM completa e personalizada.<\/p><\/p>\n\t\t\t\t\t\t\t\t\t<\/div>\n\t\t\t\t\t\t<\/div>\n\t\t\t\t<\/div>\n\t\t\t\t<div class=\"elementor-element elementor-element-f2a79d7 home4_button elementor-tablet-align-center animated-fast FBTH-addons-sticky-no elementor-invisible elementor-widget elementor-widget-button\" data-id=\"f2a79d7\" data-element_type=\"widget\" data-settings=\"{&quot;_animation&quot;:&quot;fadeInUp&quot;,&quot;fbth_sticky&quot;:&quot;no&quot;}\" data-widget_type=\"button.default\">\n\t\t\t\t<div class=\"elementor-widget-container\">\n\t\t\t\t\t\t\t\t\t<div class=\"elementor-button-wrapper\">\n\t\t\t\t\t<a class=\"elementor-button elementor-button-link elementor-size-sm\" href=\"https:\/\/inexpand.com\/pt-pt\/contacto\/\">\n\t\t\t\t\t\t<span class=\"elementor-button-content-wrapper\">\n\t\t\t\t\t\t<span class=\"elementor-button-icon\">\n\t\t\t\t<i aria-hidden=\"true\" class=\"fd fd-tail-right\"><\/i>\t\t\t<\/span>\n\t\t\t\t\t\t\t\t\t<span class=\"elementor-button-text\">Contacta-nos<\/span>\n\t\t\t\t\t<\/span>\n\t\t\t\t\t<\/a>\n\t\t\t\t<\/div>\n\t\t\t\t\t\t\t\t<\/div>\n\t\t\t\t<\/div>\n\t\t\t\t<\/div>\n\t\t<div class=\"elementor-element elementor-element-da8c2eb e-con-full e-flex fbth-custom-animation-no e-con e-child\" data-id=\"da8c2eb\" data-element_type=\"container\" data-settings=\"{&quot;fbth_animation_on&quot;:&quot;no&quot;}\">\n\t\t\t\t<div class=\"elementor-element elementor-element-19f0f67 animated-fast FBTH-addons-sticky-no elementor-invisible elementor-widget elementor-widget-image\" data-id=\"19f0f67\" data-element_type=\"widget\" data-settings=\"{&quot;_animation&quot;:&quot;fadeInUp&quot;,&quot;fbth_sticky&quot;:&quot;no&quot;}\" data-widget_type=\"image.default\">\n\t\t\t\t<div class=\"elementor-widget-container\">\n\t\t\t\t\t\t\t\t\t\t\t\t\t\t\t<img decoding=\"async\" width=\"640\" height=\"536\" src=\"http:\/\/inexpand.com\/wp-content\/uploads\/2024\/04\/integrateur-1024x858.jpg\" class=\"attachment-large size-large wp-image-9101\" alt=\"\" srcset=\"http:\/\/inexpand.com\/wp-content\/uploads\/2024\/04\/integrateur-1024x858.jpg 1024w, http:\/\/inexpand.com\/wp-content\/uploads\/2024\/04\/integrateur-300x251.jpg 300w, http:\/\/inexpand.com\/wp-content\/uploads\/2024\/04\/integrateur-768x643.jpg 768w, http:\/\/inexpand.com\/wp-content\/uploads\/2024\/04\/integrateur.jpg 1194w\" sizes=\"(max-width: 640px) 100vw, 640px\" \/>\t\t\t\t\t\t\t\t\t\t\t\t\t\t\t<\/div>\n\t\t\t\t<\/div>\n\t\t\t\t<\/div>\n\t\t\t\t<\/div>\n\t\t\t\t\t<\/div>\n\t\t\t\t<\/div>\n\t\t\t\t<\/div>\n\t\t","protected":false},"excerpt":{"rendered":"<p>Torne-se um parceiro Inexpand e gere comiss\u00f5es recorrentes de 30% Como integrador ou parceiro, beneficia do acesso exclusivo ao nosso programa de parceiros, permitindo-lhe expandir<\/p>\n","protected":false},"author":1,"featured_media":0,"parent":0,"menu_order":0,"comment_status":"closed","ping_status":"closed","template":"elementor_header_footer","meta":{"inline_featured_image":false,"footnotes":""},"class_list":["post-9099","page","type-page","status-publish","hentry"],"_links":{"self":[{"href":"http:\/\/inexpand.com\/pt-pt\/wp-json\/wp\/v2\/pages\/9099","targetHints":{"allow":["GET"]}}],"collection":[{"href":"http:\/\/inexpand.com\/pt-pt\/wp-json\/wp\/v2\/pages"}],"about":[{"href":"http:\/\/inexpand.com\/pt-pt\/wp-json\/wp\/v2\/types\/page"}],"author":[{"embeddable":true,"href":"http:\/\/inexpand.com\/pt-pt\/wp-json\/wp\/v2\/users\/1"}],"replies":[{"embeddable":true,"href":"http:\/\/inexpand.com\/pt-pt\/wp-json\/wp\/v2\/comments?post=9099"}],"version-history":[{"count":4,"href":"http:\/\/inexpand.com\/pt-pt\/wp-json\/wp\/v2\/pages\/9099\/revisions"}],"predecessor-version":[{"id":9140,"href":"http:\/\/inexpand.com\/pt-pt\/wp-json\/wp\/v2\/pages\/9099\/revisions\/9140"}],"wp:attachment":[{"href":"http:\/\/inexpand.com\/pt-pt\/wp-json\/wp\/v2\/media?parent=9099"}],"curies":[{"name":"wp","href":"https:\/\/api.w.org\/{rel}","templated":true}]}}